{"id":2062,"date":"2021-06-16T11:18:00","date_gmt":"2021-06-16T09:18:00","guid":{"rendered":"https:\/\/www.animhal.com\/entretien-nettoyage\/"},"modified":"2021-10-11T13:02:45","modified_gmt":"2021-10-11T11:02:45","slug":"mantenimiento-y-limpieza","status":"publish","type":"page","link":"https:\/\/www.animhal.com\/es\/mantenimiento-y-limpieza\/","title":{"rendered":"Mantenimiento y limpieza"},"content":{"rendered":"\n<h2 class=\"wp-block-heading\">\u00bfC\u00f3mo desmontar mi c\u00e1mara de inhalaci\u00f3n AnimHal \u00ae Cat?<\/h2>\n\n\n\n<p>AnimHal\u00ae Cat se entrega montada. Para desmontarla, siga las siguientes instrucciones :<\/p>\n\n\n\n<div class=\"wp-block-image\"><figure class=\"aligncenter size-large is-resized\"><img loading=\"lazy\" decoding=\"async\" src=\"https:\/\/www.animhal.com\/wp-content\/uploads\/2021\/09\/AnimHal-Cat-assemblee-Conseils-utilisation-1024x408.png\" alt=\"\" class=\"wp-image-1935\" width=\"256\" height=\"102\" srcset=\"https:\/\/www.animhal.com\/wp-content\/uploads\/2021\/09\/AnimHal-Cat-assemblee-Conseils-utilisation-1024x408.png 1024w, https:\/\/www.animhal.com\/wp-content\/uploads\/2021\/09\/AnimHal-Cat-assemblee-Conseils-utilisation-300x120.png 300w, https:\/\/www.animhal.com\/wp-content\/uploads\/2021\/09\/AnimHal-Cat-assemblee-Conseils-utilisation-768x306.png 768w, https:\/\/www.animhal.com\/wp-content\/uploads\/2021\/09\/AnimHal-Cat-assemblee-Conseils-utilisation-1536x612.png 1536w, https:\/\/www.animhal.com\/wp-content\/uploads\/2021\/09\/AnimHal-Cat-assemblee-Conseils-utilisation-2048x817.png 2048w\" sizes=\"auto, (max-width: 256px) 100vw, 256px\" \/><\/figure><\/div>\n\n\n\n<ul class=\"wp-block-list\"><li>Retire la m\u00e1scara (g) del soporte de v\u00e1lvulas (b).<\/li><\/ul>\n\n\n\n<div class=\"wp-block-image\"><figure class=\"aligncenter size-large is-resized\"><img loading=\"lazy\" decoding=\"async\" src=\"https:\/\/www.animhal.com\/wp-content\/uploads\/2021\/09\/Demontage-masque-AnimHal-Cat-Entretien-et-nettoyage-1024x362.jpg\" alt=\"\" class=\"wp-image-1880\" width=\"256\" height=\"91\" srcset=\"https:\/\/www.animhal.com\/wp-content\/uploads\/2021\/09\/Demontage-masque-AnimHal-Cat-Entretien-et-nettoyage-1024x362.jpg 1024w, https:\/\/www.animhal.com\/wp-content\/uploads\/2021\/09\/Demontage-masque-AnimHal-Cat-Entretien-et-nettoyage-300x106.jpg 300w, https:\/\/www.animhal.com\/wp-content\/uploads\/2021\/09\/Demontage-masque-AnimHal-Cat-Entretien-et-nettoyage-768x272.jpg 768w, https:\/\/www.animhal.com\/wp-content\/uploads\/2021\/09\/Demontage-masque-AnimHal-Cat-Entretien-et-nettoyage-1536x544.jpg 1536w, https:\/\/www.animhal.com\/wp-content\/uploads\/2021\/09\/Demontage-masque-AnimHal-Cat-Entretien-et-nettoyage-2048x725.jpg 2048w\" sizes=\"auto, (max-width: 256px) 100vw, 256px\" \/><\/figure><\/div>\n\n\n\n<ul class=\"wp-block-list\"><li>Retire el adaptador trasero (c) del globo de inhalaci\u00f3n (a), retire el soporte de v\u00e1lvulas (b) del globo de inhalaci\u00f3n (a).<\/li><\/ul>\n\n\n\n<div class=\"wp-block-image\"><figure class=\"aligncenter size-large is-resized\"><img loading=\"lazy\" decoding=\"async\" src=\"https:\/\/www.animhal.com\/wp-content\/uploads\/2021\/09\/Demontage-AnimHal-Cat-Entretien-et-nettoyage-1024x406.jpg\" alt=\"\" class=\"wp-image-1886\" width=\"256\" height=\"102\" srcset=\"https:\/\/www.animhal.com\/wp-content\/uploads\/2021\/09\/Demontage-AnimHal-Cat-Entretien-et-nettoyage-1024x406.jpg 1024w, https:\/\/www.animhal.com\/wp-content\/uploads\/2021\/09\/Demontage-AnimHal-Cat-Entretien-et-nettoyage-300x119.jpg 300w, https:\/\/www.animhal.com\/wp-content\/uploads\/2021\/09\/Demontage-AnimHal-Cat-Entretien-et-nettoyage-768x304.jpg 768w, https:\/\/www.animhal.com\/wp-content\/uploads\/2021\/09\/Demontage-AnimHal-Cat-Entretien-et-nettoyage-1536x609.jpg 1536w, https:\/\/www.animhal.com\/wp-content\/uploads\/2021\/09\/Demontage-AnimHal-Cat-Entretien-et-nettoyage-2048x812.jpg 2048w\" sizes=\"auto, (max-width: 256px) 100vw, 256px\" \/><\/figure><\/div>\n\n\n\n<ul class=\"wp-block-list\"><li>Retire la v\u00e1lvula inspiratoria (d), la tapa de la v\u00e1lvula (f), la v\u00e1lvula espiratoria (e) del soporte de v\u00e1lvulas (b).<\/li><\/ul>\n\n\n\n<div class=\"wp-block-image\"><figure class=\"aligncenter size-large is-resized\"><img loading=\"lazy\" decoding=\"async\" src=\"https:\/\/www.animhal.com\/wp-content\/uploads\/2021\/09\/Demontage-valves-AnimHal-Cat-Entretien-et-nettoyage-1024x663.jpg\" alt=\"\" class=\"wp-image-1890\" width=\"256\" height=\"166\" srcset=\"https:\/\/www.animhal.com\/wp-content\/uploads\/2021\/09\/Demontage-valves-AnimHal-Cat-Entretien-et-nettoyage-1024x663.jpg 1024w, https:\/\/www.animhal.com\/wp-content\/uploads\/2021\/09\/Demontage-valves-AnimHal-Cat-Entretien-et-nettoyage-300x194.jpg 300w, https:\/\/www.animhal.com\/wp-content\/uploads\/2021\/09\/Demontage-valves-AnimHal-Cat-Entretien-et-nettoyage-768x497.jpg 768w, https:\/\/www.animhal.com\/wp-content\/uploads\/2021\/09\/Demontage-valves-AnimHal-Cat-Entretien-et-nettoyage.jpg 1443w\" sizes=\"auto, (max-width: 256px) 100vw, 256px\" \/><\/figure><\/div>\n\n\n\n<div class=\"wp-block-group alignfull has-color-4-background-color has-background\"><div class=\"wp-block-group__inner-container is-layout-flow wp-block-group-is-layout-flow\">\n<div style=\"height:40px\" aria-hidden=\"true\" class=\"wp-block-spacer\"><\/div>\n\n\n\n<h2 class=\"has-text-align-center wp-block-heading\">\u00bfC\u00f3mo limpiar mi c\u00e1mara de inhalaci\u00f3n AnimHal \u00ae Cat?<\/h2>\n\n\n\n<p class=\"has-text-align-center\">AnimHal\u00ae Cat debe limpiarse al menos una vez por semana de acuerdo con les siguientes instrucciones :<\/p>\n\n\n\n<div class=\"wp-block-columns is-layout-flex wp-container-core-columns-is-layout-9d6595d7 wp-block-columns-is-layout-flex\">\n<div class=\"wp-block-column is-layout-flow wp-block-column-is-layout-flow\">\n<ul class=\"wp-block-list\"><li>Desmonte los componentes de AnimHal\u00ae Cat de acuerdo con las instrucciones de desmontaje, luego l\u00e1velos a mano en una mezcla de agua tibia limpia y l\u00edquido lavavajillas.<\/li><\/ul>\n\n\n\n<ul class=\"wp-block-list\"><li>Aclare con agua limpia y deje secar al aire. Una vez que los componentes de AnimHal\u00ae Cat est\u00e9n secos, vuelva a montarla seg\u00fan las instrucciones de montaje.<\/li><\/ul>\n\n\n\n<ul class=\"wp-block-list\"><li>AnimHal\u00ae Cat ne supporte pas la st\u00e9rilisation par la chaleur. Elle ne doit pas \u00eatre expos\u00e9e \u00e0 une chaleur de plus de 70\u00b0C.<\/li><\/ul>\n<\/div>\n\n\n\n<div class=\"wp-block-column is-layout-flow wp-block-column-is-layout-flow\">\n<div class=\"wp-block-image\"><figure class=\"alignleft size-large is-resized\"><img loading=\"lazy\" decoding=\"async\" src=\"https:\/\/www.animhal.com\/wp-content\/uploads\/2021\/09\/AnimHal-Cat-Entretien-et-nettoyage-1024x686.jpg\" alt=\"\" class=\"wp-image-1920\" width=\"512\" height=\"343\" srcset=\"https:\/\/www.animhal.com\/wp-content\/uploads\/2021\/09\/AnimHal-Cat-Entretien-et-nettoyage-1024x686.jpg 1024w, https:\/\/www.animhal.com\/wp-content\/uploads\/2021\/09\/AnimHal-Cat-Entretien-et-nettoyage-300x201.jpg 300w, https:\/\/www.animhal.com\/wp-content\/uploads\/2021\/09\/AnimHal-Cat-Entretien-et-nettoyage-768x515.jpg 768w, https:\/\/www.animhal.com\/wp-content\/uploads\/2021\/09\/AnimHal-Cat-Entretien-et-nettoyage-1536x1029.jpg 1536w, https:\/\/www.animhal.com\/wp-content\/uploads\/2021\/09\/AnimHal-Cat-Entretien-et-nettoyage-2048x1372.jpg 2048w\" sizes=\"auto, (max-width: 512px) 100vw, 512px\" \/><\/figure><\/div>\n<\/div>\n<\/div>\n<\/div><\/div>\n\n\n\n<div style=\"height:40px\" aria-hidden=\"true\" class=\"wp-block-spacer\"><\/div>\n\n\n\n<h2 class=\"has-text-align-left wp-block-heading\">\u00bfC\u00f3mo montar mi c\u00e1mara de inhalaci\u00f3n AnimHal \u00ae Cat?<\/h2>\n\n\n\n<ul class=\"wp-block-list\"><li>Inserte la v\u00e1lvula espiratoria (e) en su posici\u00f3n en la parte superior del soporte de v\u00e1lvulas (b).<\/li><\/ul>\n\n\n\n<div class=\"wp-block-image\"><figure class=\"aligncenter size-medium is-resized\"><img loading=\"lazy\" decoding=\"async\" src=\"https:\/\/www.animhal.com\/wp-content\/uploads\/2021\/09\/Montage-valve-expiratoire-Entretien-et-nettoyage-257x300.jpg\" alt=\"\" class=\"wp-image-1894\" width=\"129\" height=\"150\" srcset=\"https:\/\/www.animhal.com\/wp-content\/uploads\/2021\/09\/Montage-valve-expiratoire-Entretien-et-nettoyage-257x300.jpg 257w, https:\/\/www.animhal.com\/wp-content\/uploads\/2021\/09\/Montage-valve-expiratoire-Entretien-et-nettoyage.jpg 613w\" sizes=\"auto, (max-width: 129px) 100vw, 129px\" \/><\/figure><\/div>\n\n\n\n<ul class=\"wp-block-list\"><li>Fije la tapa de v\u00e1lvula (f) en el soporte de v\u00e1lvulas (b).<\/li><\/ul>\n\n\n\n<div class=\"wp-block-image\"><figure class=\"aligncenter size-medium is-resized\"><img loading=\"lazy\" decoding=\"async\" src=\"https:\/\/www.animhal.com\/wp-content\/uploads\/2021\/09\/Montage-bouchon-de-valve-Entretien-et-nettoyage-253x300.jpg\" alt=\"\" class=\"wp-image-1898\" width=\"127\" height=\"150\" srcset=\"https:\/\/www.animhal.com\/wp-content\/uploads\/2021\/09\/Montage-bouchon-de-valve-Entretien-et-nettoyage-253x300.jpg 253w, https:\/\/www.animhal.com\/wp-content\/uploads\/2021\/09\/Montage-bouchon-de-valve-Entretien-et-nettoyage.jpg 685w\" sizes=\"auto, (max-width: 127px) 100vw, 127px\" \/><\/figure><\/div>\n\n\n\n<ul class=\"wp-block-list\"><li>Para utilizar sin v\u00e1lvula inspiratoria, proceda al siguiente paso. Para utilizar con la v\u00e1lvula inspi-ratoria (para un gato de m\u00e1s de 9kg), inserte la v\u00e1lvula inspiratoria (d) en su posici\u00f3n en el so-porte de v\u00e1lvulas (b).<\/li><\/ul>\n\n\n\n<div class=\"wp-block-image\"><figure class=\"aligncenter size-medium is-resized\"><img loading=\"lazy\" decoding=\"async\" src=\"https:\/\/www.animhal.com\/wp-content\/uploads\/2021\/09\/Valve-inspiratoire-AnimHal-Cat-Conseils-dutilisation-300x151.png\" alt=\"\" class=\"wp-image-1867\" width=\"225\" height=\"113\" srcset=\"https:\/\/www.animhal.com\/wp-content\/uploads\/2021\/09\/Valve-inspiratoire-AnimHal-Cat-Conseils-dutilisation-300x151.png 300w, https:\/\/www.animhal.com\/wp-content\/uploads\/2021\/09\/Valve-inspiratoire-AnimHal-Cat-Conseils-dutilisation.png 642w\" sizes=\"auto, (max-width: 225px) 100vw, 225px\" \/><\/figure><\/div>\n\n\n\n<div class=\"h5_cadre\">\n    <div class=\"h5_cadre-contenu\">\n        <span class=\"lnr lnr-pushpin\"><\/span>\n        <div class=\"h5_titre\">\n            IMPORTANT        <\/div>\n        <div class=\"h5_texte\">\n            <p>Respete la posici\u00f3n de las muescas machos (j ; k) y hembras (l ; m).<\/p>\n        <\/div>\n    <\/div>\n<\/div>\n\n\n\n<ul class=\"wp-block-list\"><li>Fije el soporte de v\u00e1lvulas (b) en el globo de inhalaci\u00f3n (a).<\/li><\/ul>\n\n\n\n<div class=\"wp-block-image\"><figure class=\"aligncenter size-large is-resized\"><img loading=\"lazy\" decoding=\"async\" src=\"https:\/\/www.animhal.com\/wp-content\/uploads\/2021\/09\/Montage-AnimHal-Cat-Entretien-et-nettoyage-1024x472.jpg\" alt=\"\" class=\"wp-image-1903\" width=\"256\" height=\"118\" srcset=\"https:\/\/www.animhal.com\/wp-content\/uploads\/2021\/09\/Montage-AnimHal-Cat-Entretien-et-nettoyage-1024x472.jpg 1024w, https:\/\/www.animhal.com\/wp-content\/uploads\/2021\/09\/Montage-AnimHal-Cat-Entretien-et-nettoyage-300x138.jpg 300w, https:\/\/www.animhal.com\/wp-content\/uploads\/2021\/09\/Montage-AnimHal-Cat-Entretien-et-nettoyage-768x354.jpg 768w, https:\/\/www.animhal.com\/wp-content\/uploads\/2021\/09\/Montage-AnimHal-Cat-Entretien-et-nettoyage-1536x707.jpg 1536w, https:\/\/www.animhal.com\/wp-content\/uploads\/2021\/09\/Montage-AnimHal-Cat-Entretien-et-nettoyage.jpg 1974w\" sizes=\"auto, (max-width: 256px) 100vw, 256px\" \/><\/figure><\/div>\n\n\n\n<ul class=\"wp-block-list\"><li>Fije el adaptador trasero (c) en el globo de inhalaci\u00f3n (a) ; aseg\u00farese de alinear la tapa de la v\u00e1lvula (f) con la muesca trasera (n). Fije la m\u00e1scara (g) en el soporte de v\u00e1lvulas (b).<\/li><\/ul>\n\n\n\n<div class=\"wp-block-image\"><figure class=\"aligncenter size-large is-resized\"><img loading=\"lazy\" decoding=\"async\" src=\"https:\/\/www.animhal.com\/wp-content\/uploads\/2021\/09\/Animhal-Cat-montage-1024x413.jpg\" alt=\"\" class=\"wp-image-1907\" width=\"256\" height=\"103\" srcset=\"https:\/\/www.animhal.com\/wp-content\/uploads\/2021\/09\/Animhal-Cat-montage-1024x413.jpg 1024w, https:\/\/www.animhal.com\/wp-content\/uploads\/2021\/09\/Animhal-Cat-montage-300x121.jpg 300w, https:\/\/www.animhal.com\/wp-content\/uploads\/2021\/09\/Animhal-Cat-montage-768x310.jpg 768w, https:\/\/www.animhal.com\/wp-content\/uploads\/2021\/09\/Animhal-Cat-montage-1536x620.jpg 1536w, https:\/\/www.animhal.com\/wp-content\/uploads\/2021\/09\/Animhal-Cat-montage-2048x827.jpg 2048w\" sizes=\"auto, (max-width: 256px) 100vw, 256px\" \/><\/figure><\/div>\n\n\n\n<h2 class=\"has-text-align-left wp-block-heading\">\u00bfC\u00f3mo almanecer mi c\u00e1mara de inhalaci\u00f3n AnimHal \u00ae Cat?<\/h2>\n\n\n\n<ul class=\"wp-block-list\"><li>AnimHal\u00ae Cat debe guardarse montada con la m\u00e1scara puesta o no.<\/li><li>AnimHal\u00ae Cat debe almanecerse en un lugar limpio y seco.<\/li><\/ul>\n\n\n\n<p>Para m\u00e1s informaci\u00f3n, consulte las instrucciones de AnimHal\u00ae Cat.<\/p>\n","protected":false},"excerpt":{"rendered":"<p>\u00bfC\u00f3mo desmontar mi c\u00e1mara de inhalaci\u00f3n AnimHal \u00ae Cat? AnimHal\u00ae Cat se entrega montada. Para desmontarla, siga las siguientes instrucciones : Retire la m\u00e1scara (g) [&hellip;]<\/p>\n","protected":false},"author":1,"featured_media":0,"parent":0,"menu_order":25,"comment_status":"closed","ping_status":"closed","template":"","meta":{"_acf_changed":false,"inline_featured_image":false,"footnotes":""},"class_list":["post-2062","page","type-page","status-publish","hentry"],"acf":[],"yoast_head":"<!-- This site is optimized with the Yoast SEO plugin v26.7 - https:\/\/yoast.com\/wordpress\/plugins\/seo\/ -->\n<title>Mantenimiento y limpieza de mi c\u00e1mara de inhalaci\u00f3n AnimHal Cat - AnimHal<\/title>\n<meta name=\"description\" content=\"El mantenimiento y la limpieza de una c\u00e1mara de inhalaci\u00f3n son esenciales para garantizar la eficacia de los tratamientos inhalados.\" \/>\n<meta name=\"robots\" content=\"index, follow, max-snippet:-1, max-image-preview:large, max-video-preview:-1\" \/>\n<link rel=\"canonical\" href=\"https:\/\/www.animhal.com\/es\/mantenimiento-y-limpieza\/\" \/>\n<meta property=\"og:locale\" content=\"es_ES\" \/>\n<meta property=\"og:type\" content=\"article\" \/>\n<meta property=\"og:title\" content=\"Mantenimiento y limpieza de mi c\u00e1mara de inhalaci\u00f3n AnimHal Cat - AnimHal\" \/>\n<meta property=\"og:description\" content=\"El mantenimiento y la limpieza de una c\u00e1mara de inhalaci\u00f3n son esenciales para garantizar la eficacia de los tratamientos inhalados.\" \/>\n<meta property=\"og:url\" content=\"https:\/\/www.animhal.com\/es\/mantenimiento-y-limpieza\/\" \/>\n<meta property=\"og:site_name\" content=\"AnimHal\" \/>\n<meta property=\"article:modified_time\" content=\"2021-10-11T11:02:45+00:00\" \/>\n<meta property=\"og:image\" content=\"https:\/\/www.animhal.com\/wp-content\/uploads\/2021\/09\/AnimHal-Cat-assemblee-Conseils-utilisation-1024x408.png\" \/>\n<meta name=\"twitter:card\" content=\"summary_large_image\" \/>\n<meta name=\"twitter:label1\" content=\"Tiempo de lectura\" \/>\n\t<meta name=\"twitter:data1\" content=\"4 minutos\" \/>\n<script type=\"application\/ld+json\" class=\"yoast-schema-graph\">{\"@context\":\"https:\/\/schema.org\",\"@graph\":[{\"@type\":\"WebPage\",\"@id\":\"https:\/\/www.animhal.com\/es\/mantenimiento-y-limpieza\/\",\"url\":\"https:\/\/www.animhal.com\/es\/mantenimiento-y-limpieza\/\",\"name\":\"Mantenimiento y limpieza de mi c\u00e1mara de inhalaci\u00f3n AnimHal Cat - AnimHal\",\"isPartOf\":{\"@id\":\"https:\/\/www.animhal.com\/es\/#website\"},\"primaryImageOfPage\":{\"@id\":\"https:\/\/www.animhal.com\/es\/mantenimiento-y-limpieza\/#primaryimage\"},\"image\":{\"@id\":\"https:\/\/www.animhal.com\/es\/mantenimiento-y-limpieza\/#primaryimage\"},\"thumbnailUrl\":\"https:\/\/www.animhal.com\/wp-content\/uploads\/2021\/09\/AnimHal-Cat-assemblee-Conseils-utilisation-1024x408.png\",\"datePublished\":\"2021-06-16T09:18:00+00:00\",\"dateModified\":\"2021-10-11T11:02:45+00:00\",\"description\":\"El mantenimiento y la limpieza de una c\u00e1mara de inhalaci\u00f3n son esenciales para garantizar la eficacia de los tratamientos inhalados.\",\"breadcrumb\":{\"@id\":\"https:\/\/www.animhal.com\/es\/mantenimiento-y-limpieza\/#breadcrumb\"},\"inLanguage\":\"es\",\"potentialAction\":[{\"@type\":\"ReadAction\",\"target\":[\"https:\/\/www.animhal.com\/es\/mantenimiento-y-limpieza\/\"]}]},{\"@type\":\"ImageObject\",\"inLanguage\":\"es\",\"@id\":\"https:\/\/www.animhal.com\/es\/mantenimiento-y-limpieza\/#primaryimage\",\"url\":\"https:\/\/www.animhal.com\/wp-content\/uploads\/2021\/09\/AnimHal-Cat-assemblee-Conseils-utilisation-1024x408.png\",\"contentUrl\":\"https:\/\/www.animhal.com\/wp-content\/uploads\/2021\/09\/AnimHal-Cat-assemblee-Conseils-utilisation-1024x408.png\"},{\"@type\":\"BreadcrumbList\",\"@id\":\"https:\/\/www.animhal.com\/es\/mantenimiento-y-limpieza\/#breadcrumb\",\"itemListElement\":[{\"@type\":\"ListItem\",\"position\":1,\"name\":\"Accueil\",\"item\":\"https:\/\/www.animhal.com\/es\/\"},{\"@type\":\"ListItem\",\"position\":2,\"name\":\"Mantenimiento y limpieza\"}]},{\"@type\":\"WebSite\",\"@id\":\"https:\/\/www.animhal.com\/es\/#website\",\"url\":\"https:\/\/www.animhal.com\/es\/\",\"name\":\"AnimHal\",\"description\":\"Innover pour mieux soigner les animaux\",\"potentialAction\":[{\"@type\":\"SearchAction\",\"target\":{\"@type\":\"EntryPoint\",\"urlTemplate\":\"https:\/\/www.animhal.com\/es\/?s={search_term_string}\"},\"query-input\":{\"@type\":\"PropertyValueSpecification\",\"valueRequired\":true,\"valueName\":\"search_term_string\"}}],\"inLanguage\":\"es\"}]}<\/script>\n<!-- \/ Yoast SEO plugin. -->","yoast_head_json":{"title":"Mantenimiento y limpieza de mi c\u00e1mara de inhalaci\u00f3n AnimHal Cat - AnimHal","description":"El mantenimiento y la limpieza de una c\u00e1mara de inhalaci\u00f3n son esenciales para garantizar la eficacia de los tratamientos inhalados.","robots":{"index":"index","follow":"follow","max-snippet":"max-snippet:-1","max-image-preview":"max-image-preview:large","max-video-preview":"max-video-preview:-1"},"canonical":"https:\/\/www.animhal.com\/es\/mantenimiento-y-limpieza\/","og_locale":"es_ES","og_type":"article","og_title":"Mantenimiento y limpieza de mi c\u00e1mara de inhalaci\u00f3n AnimHal Cat - AnimHal","og_description":"El mantenimiento y la limpieza de una c\u00e1mara de inhalaci\u00f3n son esenciales para garantizar la eficacia de los tratamientos inhalados.","og_url":"https:\/\/www.animhal.com\/es\/mantenimiento-y-limpieza\/","og_site_name":"AnimHal","article_modified_time":"2021-10-11T11:02:45+00:00","og_image":[{"url":"https:\/\/www.animhal.com\/wp-content\/uploads\/2021\/09\/AnimHal-Cat-assemblee-Conseils-utilisation-1024x408.png","type":"","width":"","height":""}],"twitter_card":"summary_large_image","twitter_misc":{"Tiempo de lectura":"4 minutos"},"schema":{"@context":"https:\/\/schema.org","@graph":[{"@type":"WebPage","@id":"https:\/\/www.animhal.com\/es\/mantenimiento-y-limpieza\/","url":"https:\/\/www.animhal.com\/es\/mantenimiento-y-limpieza\/","name":"Mantenimiento y limpieza de mi c\u00e1mara de inhalaci\u00f3n AnimHal Cat - AnimHal","isPartOf":{"@id":"https:\/\/www.animhal.com\/es\/#website"},"primaryImageOfPage":{"@id":"https:\/\/www.animhal.com\/es\/mantenimiento-y-limpieza\/#primaryimage"},"image":{"@id":"https:\/\/www.animhal.com\/es\/mantenimiento-y-limpieza\/#primaryimage"},"thumbnailUrl":"https:\/\/www.animhal.com\/wp-content\/uploads\/2021\/09\/AnimHal-Cat-assemblee-Conseils-utilisation-1024x408.png","datePublished":"2021-06-16T09:18:00+00:00","dateModified":"2021-10-11T11:02:45+00:00","description":"El mantenimiento y la limpieza de una c\u00e1mara de inhalaci\u00f3n son esenciales para garantizar la eficacia de los tratamientos inhalados.","breadcrumb":{"@id":"https:\/\/www.animhal.com\/es\/mantenimiento-y-limpieza\/#breadcrumb"},"inLanguage":"es","potentialAction":[{"@type":"ReadAction","target":["https:\/\/www.animhal.com\/es\/mantenimiento-y-limpieza\/"]}]},{"@type":"ImageObject","inLanguage":"es","@id":"https:\/\/www.animhal.com\/es\/mantenimiento-y-limpieza\/#primaryimage","url":"https:\/\/www.animhal.com\/wp-content\/uploads\/2021\/09\/AnimHal-Cat-assemblee-Conseils-utilisation-1024x408.png","contentUrl":"https:\/\/www.animhal.com\/wp-content\/uploads\/2021\/09\/AnimHal-Cat-assemblee-Conseils-utilisation-1024x408.png"},{"@type":"BreadcrumbList","@id":"https:\/\/www.animhal.com\/es\/mantenimiento-y-limpieza\/#breadcrumb","itemListElement":[{"@type":"ListItem","position":1,"name":"Accueil","item":"https:\/\/www.animhal.com\/es\/"},{"@type":"ListItem","position":2,"name":"Mantenimiento y limpieza"}]},{"@type":"WebSite","@id":"https:\/\/www.animhal.com\/es\/#website","url":"https:\/\/www.animhal.com\/es\/","name":"AnimHal","description":"Innover pour mieux soigner les animaux","potentialAction":[{"@type":"SearchAction","target":{"@type":"EntryPoint","urlTemplate":"https:\/\/www.animhal.com\/es\/?s={search_term_string}"},"query-input":{"@type":"PropertyValueSpecification","valueRequired":true,"valueName":"search_term_string"}}],"inLanguage":"es"}]}},"_links":{"self":[{"href":"https:\/\/www.animhal.com\/es\/wp-json\/wp\/v2\/pages\/2062","targetHints":{"allow":["GET"]}}],"collection":[{"href":"https:\/\/www.animhal.com\/es\/wp-json\/wp\/v2\/pages"}],"about":[{"href":"https:\/\/www.animhal.com\/es\/wp-json\/wp\/v2\/types\/page"}],"author":[{"embeddable":true,"href":"https:\/\/www.animhal.com\/es\/wp-json\/wp\/v2\/users\/1"}],"replies":[{"embeddable":true,"href":"https:\/\/www.animhal.com\/es\/wp-json\/wp\/v2\/comments?post=2062"}],"version-history":[{"count":0,"href":"https:\/\/www.animhal.com\/es\/wp-json\/wp\/v2\/pages\/2062\/revisions"}],"wp:attachment":[{"href":"https:\/\/www.animhal.com\/es\/wp-json\/wp\/v2\/media?parent=2062"}],"curies":[{"name":"wp","href":"https:\/\/api.w.org\/{rel}","templated":true}]}}