{"id":2068,"date":"2021-06-14T14:23:17","date_gmt":"2021-06-14T12:23:17","guid":{"rendered":"https:\/\/www.animhal.com\/politique-de-confidentialite\/"},"modified":"2021-10-11T15:41:04","modified_gmt":"2021-10-11T13:41:04","slug":"politique-de-confidentialite","status":"publish","type":"page","link":"https:\/\/www.animhal.com\/es\/politique-de-confidentialite\/","title":{"rendered":"Pol\u00edtica de privacidad"},"content":{"rendered":"\n<h2 class=\"wp-block-heading\">Cookies<\/h2>\n\n\n\n<p>Para garantizar el buen funcionamiento de este sitio, a veces necesitamos almacenar peque\u00f1os archivos de datos en los equipos de nuestros usuarios. La mayor\u00eda de los sitios web importantes hacen lo mismo.<\/p>\n\n\n\n<h3 class=\"wp-block-heading\">\u00bfQu\u00e9 es una cookie?<\/h3>\n\n\n\n<p>Una cookie es un peque\u00f1o archivo de texto que los sitios web guardan en su ordenador o dispositivo cuando los visita. Permite que estos sitios recuerden las sus acciones y preferencias (nombre de usuario, idioma, tama\u00f1o de letra y otros ajustes de visualizaci\u00f3n) durante un per\u00edodo de tiempo, para que no tenga que volver a introducir esta informaci\u00f3n cada vez que visite el sitio o navegue de una p\u00e1gina a otra.<\/p>\n\n\n\n<h3 class=\"wp-block-heading\">\u00bfC\u00f3mo usamos las cookies?<\/h3>\n\n\n\n<p>Algunas de nuestras p\u00e1ginas utilizan cookies para almacenar :<\/p>\n\n\n\n<ul class=\"wp-block-list\"><li>Sus preferencias de visualizaci\u00f3n, como el contraste y el tama\u00f1o de la letra;<\/li><li>Si ya ha respondido a una encuesta en la que se le preguntaba si el contenido le resultaba \u00fatil (s\u00f3lo se le har\u00e1 esta pregunta una vez);<\/li><li>Si ha aceptado nuestro uso de cookies en este sitio.<\/li><\/ul>\n\n\n\n<p>Adem\u00e1s, algunos de los v\u00eddeos de nuestras p\u00e1ginas utilizan cookies para recopilar estad\u00edsticas an\u00f3nimas sobre c\u00f3mo ha llegado a la p\u00e1gina y qu\u00e9 v\u00eddeos ha visto.<\/p>\n\n\n\n<p>Estas cookies no son esenciales para el funcionamiento del sitio, pero facilitan su navegaci\u00f3n. Puede bloquearlas o eliminarlas, pero esto puede impedir que ciertos elementos del sitio funcionen correctamente.<\/p>\n\n\n\n<p>Las informaciones contenidas en las cookies no pretenden identificarle personalmente y nosotros controlamos totalmente los datos. Estas cookies no se utilizan nunca para ning\u00fan otro fin que no sea el indicado aqu\u00ed.<\/p>\n\n\n\n<h3 class=\"wp-block-heading\">\u00bfC\u00f3mo controlar las cookies?<\/h3>\n\n\n\n<p>Usted puede controlar y\/o eliminar las cookies como desee. Tiene la opci\u00f3n de eliminar todas las cookies en su ordenador y configurarla mayor\u00eda de los navegadores para que las bloqueen. Sin embargo, si lo hace, es posible que tenga que establecer usted mismo ciertas preferencias cada vez que visite un sitio, y que algunos servicios y funciones no est\u00e9n disponibles.<\/p>\n","protected":false},"excerpt":{"rendered":"<p>Cookies Para garantizar el buen funcionamiento de este sitio, a veces necesitamos almacenar peque\u00f1os archivos de datos en los equipos de nuestros usuarios. La mayor\u00eda [&hellip;]<\/p>\n","protected":false},"author":1,"featured_media":0,"parent":0,"menu_order":32,"comment_status":"closed","ping_status":"closed","template":"","meta":{"_acf_changed":false,"inline_featured_image":false,"footnotes":""},"class_list":["post-2068","page","type-page","status-publish","hentry"],"acf":[],"yoast_head":"<!-- This site is optimized with the Yoast SEO plugin v26.7 - https:\/\/yoast.com\/wordpress\/plugins\/seo\/ -->\n<title>Pol\u00edtica de privacidad - AnimHal<\/title>\n<meta name=\"description\" content=\"OptimHal-ProtecSom s&#039;engage pour le respect et la protection de vos donn\u00e9es. Acc\u00e9dez \u00e0 la politique de confidentialit\u00e9 du site animhal.com.\" \/>\n<meta name=\"robots\" content=\"index, follow, max-snippet:-1, max-image-preview:large, max-video-preview:-1\" \/>\n<link rel=\"canonical\" href=\"https:\/\/www.animhal.com\/es\/politique-de-confidentialite\/\" \/>\n<meta property=\"og:locale\" content=\"es_ES\" \/>\n<meta property=\"og:type\" content=\"article\" \/>\n<meta property=\"og:title\" content=\"Pol\u00edtica de privacidad - AnimHal\" \/>\n<meta property=\"og:description\" content=\"OptimHal-ProtecSom s&#039;engage pour le respect et la protection de vos donn\u00e9es. Acc\u00e9dez \u00e0 la politique de confidentialit\u00e9 du site animhal.com.\" \/>\n<meta property=\"og:url\" content=\"https:\/\/www.animhal.com\/es\/politique-de-confidentialite\/\" \/>\n<meta property=\"og:site_name\" content=\"AnimHal\" \/>\n<meta property=\"article:modified_time\" content=\"2021-10-11T13:41:04+00:00\" \/>\n<meta name=\"twitter:card\" content=\"summary_large_image\" \/>\n<meta name=\"twitter:label1\" content=\"Tiempo de lectura\" \/>\n\t<meta name=\"twitter:data1\" content=\"2 minutos\" \/>\n<script type=\"application\/ld+json\" class=\"yoast-schema-graph\">{\"@context\":\"https:\/\/schema.org\",\"@graph\":[{\"@type\":\"WebPage\",\"@id\":\"https:\/\/www.animhal.com\/es\/politique-de-confidentialite\/\",\"url\":\"https:\/\/www.animhal.com\/es\/politique-de-confidentialite\/\",\"name\":\"Pol\u00edtica de privacidad - AnimHal\",\"isPartOf\":{\"@id\":\"https:\/\/www.animhal.com\/es\/#website\"},\"datePublished\":\"2021-06-14T12:23:17+00:00\",\"dateModified\":\"2021-10-11T13:41:04+00:00\",\"description\":\"OptimHal-ProtecSom s'engage pour le respect et la protection de vos donn\u00e9es. Acc\u00e9dez \u00e0 la politique de confidentialit\u00e9 du site animhal.com.\",\"breadcrumb\":{\"@id\":\"https:\/\/www.animhal.com\/es\/politique-de-confidentialite\/#breadcrumb\"},\"inLanguage\":\"es\",\"potentialAction\":[{\"@type\":\"ReadAction\",\"target\":[\"https:\/\/www.animhal.com\/es\/politique-de-confidentialite\/\"]}]},{\"@type\":\"BreadcrumbList\",\"@id\":\"https:\/\/www.animhal.com\/es\/politique-de-confidentialite\/#breadcrumb\",\"itemListElement\":[{\"@type\":\"ListItem\",\"position\":1,\"name\":\"Accueil\",\"item\":\"https:\/\/www.animhal.com\/es\/\"},{\"@type\":\"ListItem\",\"position\":2,\"name\":\"Pol\u00edtica de privacidad\"}]},{\"@type\":\"WebSite\",\"@id\":\"https:\/\/www.animhal.com\/es\/#website\",\"url\":\"https:\/\/www.animhal.com\/es\/\",\"name\":\"AnimHal\",\"description\":\"Innover pour mieux soigner les animaux\",\"potentialAction\":[{\"@type\":\"SearchAction\",\"target\":{\"@type\":\"EntryPoint\",\"urlTemplate\":\"https:\/\/www.animhal.com\/es\/?s={search_term_string}\"},\"query-input\":{\"@type\":\"PropertyValueSpecification\",\"valueRequired\":true,\"valueName\":\"search_term_string\"}}],\"inLanguage\":\"es\"}]}<\/script>\n<!-- \/ Yoast SEO plugin. -->","yoast_head_json":{"title":"Pol\u00edtica de privacidad - AnimHal","description":"OptimHal-ProtecSom s'engage pour le respect et la protection de vos donn\u00e9es. Acc\u00e9dez \u00e0 la politique de confidentialit\u00e9 du site animhal.com.","robots":{"index":"index","follow":"follow","max-snippet":"max-snippet:-1","max-image-preview":"max-image-preview:large","max-video-preview":"max-video-preview:-1"},"canonical":"https:\/\/www.animhal.com\/es\/politique-de-confidentialite\/","og_locale":"es_ES","og_type":"article","og_title":"Pol\u00edtica de privacidad - AnimHal","og_description":"OptimHal-ProtecSom s'engage pour le respect et la protection de vos donn\u00e9es. Acc\u00e9dez \u00e0 la politique de confidentialit\u00e9 du site animhal.com.","og_url":"https:\/\/www.animhal.com\/es\/politique-de-confidentialite\/","og_site_name":"AnimHal","article_modified_time":"2021-10-11T13:41:04+00:00","twitter_card":"summary_large_image","twitter_misc":{"Tiempo de lectura":"2 minutos"},"schema":{"@context":"https:\/\/schema.org","@graph":[{"@type":"WebPage","@id":"https:\/\/www.animhal.com\/es\/politique-de-confidentialite\/","url":"https:\/\/www.animhal.com\/es\/politique-de-confidentialite\/","name":"Pol\u00edtica de privacidad - AnimHal","isPartOf":{"@id":"https:\/\/www.animhal.com\/es\/#website"},"datePublished":"2021-06-14T12:23:17+00:00","dateModified":"2021-10-11T13:41:04+00:00","description":"OptimHal-ProtecSom s'engage pour le respect et la protection de vos donn\u00e9es. Acc\u00e9dez \u00e0 la politique de confidentialit\u00e9 du site animhal.com.","breadcrumb":{"@id":"https:\/\/www.animhal.com\/es\/politique-de-confidentialite\/#breadcrumb"},"inLanguage":"es","potentialAction":[{"@type":"ReadAction","target":["https:\/\/www.animhal.com\/es\/politique-de-confidentialite\/"]}]},{"@type":"BreadcrumbList","@id":"https:\/\/www.animhal.com\/es\/politique-de-confidentialite\/#breadcrumb","itemListElement":[{"@type":"ListItem","position":1,"name":"Accueil","item":"https:\/\/www.animhal.com\/es\/"},{"@type":"ListItem","position":2,"name":"Pol\u00edtica de privacidad"}]},{"@type":"WebSite","@id":"https:\/\/www.animhal.com\/es\/#website","url":"https:\/\/www.animhal.com\/es\/","name":"AnimHal","description":"Innover pour mieux soigner les animaux","potentialAction":[{"@type":"SearchAction","target":{"@type":"EntryPoint","urlTemplate":"https:\/\/www.animhal.com\/es\/?s={search_term_string}"},"query-input":{"@type":"PropertyValueSpecification","valueRequired":true,"valueName":"search_term_string"}}],"inLanguage":"es"}]}},"_links":{"self":[{"href":"https:\/\/www.animhal.com\/es\/wp-json\/wp\/v2\/pages\/2068","targetHints":{"allow":["GET"]}}],"collection":[{"href":"https:\/\/www.animhal.com\/es\/wp-json\/wp\/v2\/pages"}],"about":[{"href":"https:\/\/www.animhal.com\/es\/wp-json\/wp\/v2\/types\/page"}],"author":[{"embeddable":true,"href":"https:\/\/www.animhal.com\/es\/wp-json\/wp\/v2\/users\/1"}],"replies":[{"embeddable":true,"href":"https:\/\/www.animhal.com\/es\/wp-json\/wp\/v2\/comments?post=2068"}],"version-history":[{"count":0,"href":"https:\/\/www.animhal.com\/es\/wp-json\/wp\/v2\/pages\/2068\/revisions"}],"wp:attachment":[{"href":"https:\/\/www.animhal.com\/es\/wp-json\/wp\/v2\/media?parent=2068"}],"curies":[{"name":"wp","href":"https:\/\/api.w.org\/{rel}","templated":true}]}}